{"id":2,"date":"2026-01-19T12:00:54","date_gmt":"2026-01-19T12:00:54","guid":{"rendered":"https:\/\/xn--alja-obb.com\/?page_id=2"},"modified":"2026-02-23T15:43:45","modified_gmt":"2026-02-23T15:43:45","slug":"sample-page","status":"publish","type":"page","link":"https:\/\/xn--alja-obb.com\/index.php\/projekti\/sample-page\/","title":{"rendered":"Kino Bled"},"content":{"rendered":"\n<p>V mega kratki in instant definiciji: zaganjalec kinematografske dejavnosti preko leto, v juliju festival.<\/p>\n\n\n\n<p>V svojo prvinski definiciji: <\/p>\n\n\n\n<p>\u201cBled sam po sebi s svojo bogato zgodovino, neokrnjenostjo in estetsko dovr\u0161eno podobo raja predstavlja svetu in vsem nam navdih za klic k aktivnemu udejstvovanju in delovanju v smeri izpopolnjenosti.<\/p>\n\n\n\n<p>Kino po drugi strani s svojo vsebino ustvarjalnega duha in momentom dru\u017eenja naravnost kli\u010de po zaznavni in mentalni telovadbi. \u0160e ve\u010d, potiho kri\u010di po grajenju kulture skrivnostnih sre\u010danj z bo\u017eanstvom umetnosti, ki nam ponuja dom, zato\u010di\u0161\u010de in nas povabi na popotovanje v svet domi\u0161ljije, \u010dutnosti ter nedojemljivih zgodb.<\/p>\n\n\n\n<p>A Kino Bled no\u010de biti samo kino in no\u010de biti niti ni samo Bled, \u0161e manj pa si \u017eeli biti zgolj skupek teh dveh pojmov, Kino Bled je mno\u017eica prilo\u017enosti ter mo\u017enosti, ki se skrivajo v neskon\u010dnih stikih med njima. Je polje preseganja, lahko tudi samo-preseganja &#8211; lastnih omejitev in omejitev okolja.<\/p>\n\n\n\n<p>Kino Bled je in bo izhodi\u0161\u010de za diskurz o svetu, za do\u017eivljanje in reflektiranje sveta; prostor za brskanje po individualnem in kolektivnem vesolju; prilo\u017enost za upor kolektivni pasivizaciji in diktaturi kompleksa majhnosti ter na koncu skrajnosti &#8211; mo\u017enost za oddih. Oddih od informacijsko-digitalne-<br>ga onesna\u017eevanja in s tem prostor za rojstvo in kreacijo nepredstavljivega.<\/p>\n\n\n\n<p>Mno\u017eico idej in vrednot, ki jih prina\u0161ajo raznoliki posamezniki Zavoda Aspekt bomo pomno\u017eili z znanjem in izku\u0161njami skrbno izbranih mentorjev ter obse\u017eno tradicijo Bleda, za dolgoro\u010dno uresni\u010ditev vizije, da mesto Bled, kot \u017ee ve\u010dkrat v njegovi dolgi in pestri zgodovini, ne samo za\u017eivi svojo veli\u010dino, ampak ustvari podobo \u0161e nevidenega raja. V tem smislu Kino Bled nikoli ne in nikoli ne bo po\u010dival v ustvarjanju individualnega in kolektivnega blagostanja v naj\u0161ir\u0161em mo\u017enem smislu<br>ter se skladno s tem investiral v izvedbo kvalitetnih dogodkov, pobud in festivalov v sodelovanju z lokalno, dr\u017eavno in svetovno anga\u017eiranimi posamezniki ter organizacijami. \u201d<\/p>\n\n\n\n<p>V letu 2026 nastopamo z 8. edicijo. <a href=\"https:\/\/kinobled.com\/\">Ve\u010d kmalu<\/a>.<\/p>\n\n\n\n<p><\/p>\n","protected":false},"excerpt":{"rendered":"<p>V mega kratki in instant definiciji: zaganjalec kinematografske dejavnosti preko leto, v juliju festival. V svojo prvinski definiciji: \u201cBled sam po sebi s svojo bogato zgodovino, neokrnjenostjo in estetsko dovr\u0161eno podobo raja predstavlja svetu in vsem nam navdih za klic k aktivnemu udejstvovanju in delovanju v smeri izpopolnjenosti. Kino po drugi strani s svojo vsebino [&hellip;]<\/p>\n","protected":false},"author":1,"featured_media":0,"parent":65,"menu_order":0,"comment_status":"closed","ping_status":"open","template":"","meta":{"footnotes":""},"class_list":["post-2","page","type-page","status-publish","hentry"],"_links":{"self":[{"href":"https:\/\/xn--alja-obb.com\/index.php\/wp-json\/wp\/v2\/pages\/2","targetHints":{"allow":["GET"]}}],"collection":[{"href":"https:\/\/xn--alja-obb.com\/index.php\/wp-json\/wp\/v2\/pages"}],"about":[{"href":"https:\/\/xn--alja-obb.com\/index.php\/wp-json\/wp\/v2\/types\/page"}],"author":[{"embeddable":true,"href":"https:\/\/xn--alja-obb.com\/index.php\/wp-json\/wp\/v2\/users\/1"}],"replies":[{"embeddable":true,"href":"https:\/\/xn--alja-obb.com\/index.php\/wp-json\/wp\/v2\/comments?post=2"}],"version-history":[{"count":4,"href":"https:\/\/xn--alja-obb.com\/index.php\/wp-json\/wp\/v2\/pages\/2\/revisions"}],"predecessor-version":[{"id":191,"href":"https:\/\/xn--alja-obb.com\/index.php\/wp-json\/wp\/v2\/pages\/2\/revisions\/191"}],"up":[{"embeddable":true,"href":"https:\/\/xn--alja-obb.com\/index.php\/wp-json\/wp\/v2\/pages\/65"}],"wp:attachment":[{"href":"https:\/\/xn--alja-obb.com\/index.php\/wp-json\/wp\/v2\/media?parent=2"}],"curies":[{"name":"wp","href":"https:\/\/api.w.org\/{rel}","templated":true}]}}