{"id":68,"date":"2026-02-02T15:56:23","date_gmt":"2026-02-02T15:56:23","guid":{"rendered":"https:\/\/xn--alja-obb.com\/?page_id=68"},"modified":"2026-02-23T15:48:05","modified_gmt":"2026-02-23T15:48:05","slug":"kino2go","status":"publish","type":"page","link":"https:\/\/xn--alja-obb.com\/index.php\/projekti\/kino2go\/","title":{"rendered":"Kino2go"},"content":{"rendered":"\n<p>Na\u0161a vizija je pribli\u017eati ljudem \u010darobnost velikega platna in izku\u0161nje ob filmu. Kjerkoli, tudi tam kjer ljudje morda nimajo dostopa do tradicionalnega kina in tako spodbuditi v posamezniku ljubezen do filma v vseh njegovih oblikah.<\/p>\n\n\n\n<p>Do letos smo bili predvsem aktivni na lokacijah Zgornje Gorenjske, \u0161e posebej v Bohinju, Bledu in Radovljici. <\/p>\n\n\n\n<p>Z letom 2026 \u0161irimo svoje aktivnosti na druge kraje Gorenjske in Slovenije. <\/p>\n\n\n\n<p>Osnovni info in kontakt <a href=\"https:\/\/kino2go.si\/\">na www.kino2go.si<\/a><\/p>\n","protected":false},"excerpt":{"rendered":"<p>Na\u0161a vizija je pribli\u017eati ljudem \u010darobnost velikega platna in izku\u0161nje ob filmu. Kjerkoli, tudi tam kjer ljudje morda nimajo dostopa do tradicionalnega kina in tako spodbuditi v posamezniku ljubezen do filma v vseh njegovih oblikah. Do letos smo bili predvsem aktivni na lokacijah Zgornje Gorenjske, \u0161e posebej v Bohinju, Bledu in Radovljici. Z letom 2026 [&hellip;]<\/p>\n","protected":false},"author":1,"featured_media":0,"parent":65,"menu_order":0,"comment_status":"closed","ping_status":"closed","template":"","meta":{"footnotes":""},"class_list":["post-68","page","type-page","status-publish","hentry"],"_links":{"self":[{"href":"https:\/\/xn--alja-obb.com\/index.php\/wp-json\/wp\/v2\/pages\/68","targetHints":{"allow":["GET"]}}],"collection":[{"href":"https:\/\/xn--alja-obb.com\/index.php\/wp-json\/wp\/v2\/pages"}],"about":[{"href":"https:\/\/xn--alja-obb.com\/index.php\/wp-json\/wp\/v2\/types\/page"}],"author":[{"embeddable":true,"href":"https:\/\/xn--alja-obb.com\/index.php\/wp-json\/wp\/v2\/users\/1"}],"replies":[{"embeddable":true,"href":"https:\/\/xn--alja-obb.com\/index.php\/wp-json\/wp\/v2\/comments?post=68"}],"version-history":[{"count":4,"href":"https:\/\/xn--alja-obb.com\/index.php\/wp-json\/wp\/v2\/pages\/68\/revisions"}],"predecessor-version":[{"id":194,"href":"https:\/\/xn--alja-obb.com\/index.php\/wp-json\/wp\/v2\/pages\/68\/revisions\/194"}],"up":[{"embeddable":true,"href":"https:\/\/xn--alja-obb.com\/index.php\/wp-json\/wp\/v2\/pages\/65"}],"wp:attachment":[{"href":"https:\/\/xn--alja-obb.com\/index.php\/wp-json\/wp\/v2\/media?parent=68"}],"curies":[{"name":"wp","href":"https:\/\/api.w.org\/{rel}","templated":true}]}}