{"id":72,"date":"2026-02-02T15:57:02","date_gmt":"2026-02-02T15:57:02","guid":{"rendered":"https:\/\/xn--alja-obb.com\/?page_id=72"},"modified":"2026-02-23T16:04:26","modified_gmt":"2026-02-23T16:04:26","slug":"piskerc","status":"publish","type":"page","link":"https:\/\/xn--alja-obb.com\/index.php\/projekti\/piskerc\/","title":{"rendered":"Piskerc"},"content":{"rendered":"\n<p>Dru\u017einski projekt pridelave, nabiranja in predelave naravno danih dobrot v obliki zeli\u0161\u010d, \u010dajev, tinktur in drugih zvarkov. Z vero v mo\u010d narave in upanjem na celostno blagostanje. <\/p>\n\n\n\n<p>Trenutno v fazi izgradnje laboratorija in prostora za predelavo, da bomo legit in po standardih. Morda z vami \u017ee to jesen.<\/p>\n","protected":false},"excerpt":{"rendered":"<p>Dru\u017einski projekt pridelave, nabiranja in predelave naravno danih dobrot v obliki zeli\u0161\u010d, \u010dajev, tinktur in drugih zvarkov. Z vero v mo\u010d narave in upanjem na celostno blagostanje. Trenutno v fazi izgradnje laboratorija in prostora za predelavo, da bomo legit in po standardih. Morda z vami \u017ee to jesen.<\/p>\n","protected":false},"author":1,"featured_media":0,"parent":65,"menu_order":0,"comment_status":"closed","ping_status":"closed","template":"","meta":{"footnotes":""},"class_list":["post-72","page","type-page","status-publish","hentry"],"_links":{"self":[{"href":"https:\/\/xn--alja-obb.com\/index.php\/wp-json\/wp\/v2\/pages\/72","targetHints":{"allow":["GET"]}}],"collection":[{"href":"https:\/\/xn--alja-obb.com\/index.php\/wp-json\/wp\/v2\/pages"}],"about":[{"href":"https:\/\/xn--alja-obb.com\/index.php\/wp-json\/wp\/v2\/types\/page"}],"author":[{"embeddable":true,"href":"https:\/\/xn--alja-obb.com\/index.php\/wp-json\/wp\/v2\/users\/1"}],"replies":[{"embeddable":true,"href":"https:\/\/xn--alja-obb.com\/index.php\/wp-json\/wp\/v2\/comments?post=72"}],"version-history":[{"count":3,"href":"https:\/\/xn--alja-obb.com\/index.php\/wp-json\/wp\/v2\/pages\/72\/revisions"}],"predecessor-version":[{"id":200,"href":"https:\/\/xn--alja-obb.com\/index.php\/wp-json\/wp\/v2\/pages\/72\/revisions\/200"}],"up":[{"embeddable":true,"href":"https:\/\/xn--alja-obb.com\/index.php\/wp-json\/wp\/v2\/pages\/65"}],"wp:attachment":[{"href":"https:\/\/xn--alja-obb.com\/index.php\/wp-json\/wp\/v2\/media?parent=72"}],"curies":[{"name":"wp","href":"https:\/\/api.w.org\/{rel}","templated":true}]}}